{"id":3401,"date":"2025-12-12T08:28:54","date_gmt":"2025-12-12T07:28:54","guid":{"rendered":"https:\/\/www.criadores.es\/?post_type=product&#038;p=3401"},"modified":"2025-12-12T10:05:29","modified_gmt":"2025-12-12T09:05:29","slug":"criadores-monoproteico-adulto-racao-de-cordeiro-para-caes","status":"publish","type":"product","link":"https:\/\/www.criadores.es\/pt-pt\/producto\/criadores-monoproteico-adulto-racao-de-cordeiro-para-caes\/","title":{"rendered":"Criadores Monoproteico Adulto Ra\u00e7\u00e3o de cordeiro para c\u00e3es"},"content":{"rendered":"<p>Alimento completo e equilibrado para c\u00e3es adultos a partir dos 10 meses, elaborado com cordeiro fresco e arroz. Ideal para c\u00e3es com alergias ou intoler\u00e2ncias alimentares a outras fontes de prote\u00edna (frango, peru, vitela, etc.).<\/p>\n","protected":false},"excerpt":{"rendered":"<p>Alimento completo e equilibrado para c\u00e3es adultos a partir dos 10 meses, elaborado com cordeiro fresco e arroz. Ideal para c\u00e3es com alergias ou intoler\u00e2ncias alimentares a outras fontes de prote\u00edna (frango, peru, vitela, etc.).<\/p>\n","protected":false},"featured_media":3400,"comment_status":"open","ping_status":"closed","template":"","meta":{"_acf_changed":false},"product_brand":[],"product_cat":[92,165],"product_tag":[],"class_list":{"0":"post-3401","1":"product","2":"type-product","3":"status-publish","4":"has-post-thumbnail","6":"product_cat-cao","7":"product_cat-monoproteico","9":"first","10":"instock","11":"shipping-taxable","12":"product-type-simple"},"acf":[],"_links":{"self":[{"href":"https:\/\/www.criadores.es\/pt-pt\/wp-json\/wp\/v2\/product\/3401","targetHints":{"allow":["GET"]}}],"collection":[{"href":"https:\/\/www.criadores.es\/pt-pt\/wp-json\/wp\/v2\/product"}],"about":[{"href":"https:\/\/www.criadores.es\/pt-pt\/wp-json\/wp\/v2\/types\/product"}],"replies":[{"embeddable":true,"href":"https:\/\/www.criadores.es\/pt-pt\/wp-json\/wp\/v2\/comments?post=3401"}],"wp:featuredmedia":[{"embeddable":true,"href":"https:\/\/www.criadores.es\/pt-pt\/wp-json\/wp\/v2\/media\/3400"}],"wp:attachment":[{"href":"https:\/\/www.criadores.es\/pt-pt\/wp-json\/wp\/v2\/media?parent=3401"}],"wp:term":[{"taxonomy":"product_brand","embeddable":true,"href":"https:\/\/www.criadores.es\/pt-pt\/wp-json\/wp\/v2\/product_brand?post=3401"},{"taxonomy":"product_cat","embeddable":true,"href":"https:\/\/www.criadores.es\/pt-pt\/wp-json\/wp\/v2\/product_cat?post=3401"},{"taxonomy":"product_tag","embeddable":true,"href":"https:\/\/www.criadores.es\/pt-pt\/wp-json\/wp\/v2\/product_tag?post=3401"}],"curies":[{"name":"wp","href":"https:\/\/api.w.org\/{rel}","templated":true}]}}