{"id":3491,"date":"2025-12-12T08:25:57","date_gmt":"2025-12-12T07:25:57","guid":{"rendered":"https:\/\/www.criadores.es\/?post_type=product&#038;p=3491"},"modified":"2025-12-12T12:48:22","modified_gmt":"2025-12-12T11:48:22","slug":"criadores-monoproteico-adulto-racao-de-frango-para-caes","status":"publish","type":"product","link":"https:\/\/www.criadores.es\/pt-pt\/producto\/criadores-monoproteico-adulto-racao-de-frango-para-caes\/","title":{"rendered":"Criadores Monoproteico Adulto Ra\u00e7\u00e3o de frango para c\u00e3es"},"content":{"rendered":"<p>Ra\u00e7\u00e3o completa para c\u00e3es adultos de todas as ra\u00e7as, com frango fresco e arroz. Ideal para c\u00e3es com alergias ou intoler\u00e2ncias alimentares a outras fontes de prote\u00edna (borrego, peru, vitela, etc.).<\/p>\n","protected":false},"excerpt":{"rendered":"<p>Ra\u00e7\u00e3o completa para c\u00e3es adultos de todas as ra\u00e7as, com frango fresco e arroz. Ideal para c\u00e3es com alergias ou intoler\u00e2ncias alimentares a outras fontes de prote\u00edna (borrego, peru, vitela, etc.).<\/p>\n","protected":false},"featured_media":3409,"comment_status":"open","ping_status":"closed","template":"","meta":{"_acf_changed":false},"product_brand":[],"product_cat":[165,102],"product_tag":[],"class_list":{"0":"post-3491","1":"product","2":"type-product","3":"status-publish","4":"has-post-thumbnail","6":"product_cat-monoproteico","7":"product_cat-sem-categoria","9":"first","10":"instock","11":"shipping-taxable","12":"product-type-simple"},"acf":[],"_links":{"self":[{"href":"https:\/\/www.criadores.es\/pt-pt\/wp-json\/wp\/v2\/product\/3491","targetHints":{"allow":["GET"]}}],"collection":[{"href":"https:\/\/www.criadores.es\/pt-pt\/wp-json\/wp\/v2\/product"}],"about":[{"href":"https:\/\/www.criadores.es\/pt-pt\/wp-json\/wp\/v2\/types\/product"}],"replies":[{"embeddable":true,"href":"https:\/\/www.criadores.es\/pt-pt\/wp-json\/wp\/v2\/comments?post=3491"}],"wp:featuredmedia":[{"embeddable":true,"href":"https:\/\/www.criadores.es\/pt-pt\/wp-json\/wp\/v2\/media\/3409"}],"wp:attachment":[{"href":"https:\/\/www.criadores.es\/pt-pt\/wp-json\/wp\/v2\/media?parent=3491"}],"wp:term":[{"taxonomy":"product_brand","embeddable":true,"href":"https:\/\/www.criadores.es\/pt-pt\/wp-json\/wp\/v2\/product_brand?post=3491"},{"taxonomy":"product_cat","embeddable":true,"href":"https:\/\/www.criadores.es\/pt-pt\/wp-json\/wp\/v2\/product_cat?post=3491"},{"taxonomy":"product_tag","embeddable":true,"href":"https:\/\/www.criadores.es\/pt-pt\/wp-json\/wp\/v2\/product_tag?post=3491"}],"curies":[{"name":"wp","href":"https:\/\/api.w.org\/{rel}","templated":true}]}}