{"id":3493,"date":"2025-12-12T08:34:43","date_gmt":"2025-12-12T07:34:43","guid":{"rendered":"https:\/\/www.criadores.es\/?post_type=product&#038;p=3493"},"modified":"2025-12-12T12:49:47","modified_gmt":"2025-12-12T11:49:47","slug":"criadores-monoproteico-puppy-racao-de-frango-para-cachorros","status":"publish","type":"product","link":"https:\/\/www.criadores.es\/pt-pt\/producto\/criadores-monoproteico-puppy-racao-de-frango-para-cachorros\/","title":{"rendered":"Criadores Monoproteico Puppy Ra\u00e7\u00e3o de frango para cachorros"},"content":{"rendered":"<p>Alimento completo para cachorros de todas as ra\u00e7as at\u00e9 aos 12 meses. Elaborado com frango fresco e arroz, favorece um crescimento equilibrado e uma digest\u00e3o saud\u00e1vel.<\/p>\n","protected":false},"excerpt":{"rendered":"<p>Alimento completo para cachorros de todas as ra\u00e7as at\u00e9 aos 12 meses. Elaborado com frango fresco e arroz, favorece um crescimento equilibrado e uma digest\u00e3o saud\u00e1vel.<\/p>\n","protected":false},"featured_media":3413,"comment_status":"open","ping_status":"closed","template":"","meta":{"_acf_changed":false},"product_brand":[],"product_cat":[165],"product_tag":[],"class_list":{"0":"post-3493","1":"product","2":"type-product","3":"status-publish","4":"has-post-thumbnail","6":"product_cat-monoproteico","8":"first","9":"instock","10":"shipping-taxable","11":"product-type-simple"},"acf":[],"_links":{"self":[{"href":"https:\/\/www.criadores.es\/pt-pt\/wp-json\/wp\/v2\/product\/3493","targetHints":{"allow":["GET"]}}],"collection":[{"href":"https:\/\/www.criadores.es\/pt-pt\/wp-json\/wp\/v2\/product"}],"about":[{"href":"https:\/\/www.criadores.es\/pt-pt\/wp-json\/wp\/v2\/types\/product"}],"replies":[{"embeddable":true,"href":"https:\/\/www.criadores.es\/pt-pt\/wp-json\/wp\/v2\/comments?post=3493"}],"wp:featuredmedia":[{"embeddable":true,"href":"https:\/\/www.criadores.es\/pt-pt\/wp-json\/wp\/v2\/media\/3413"}],"wp:attachment":[{"href":"https:\/\/www.criadores.es\/pt-pt\/wp-json\/wp\/v2\/media?parent=3493"}],"wp:term":[{"taxonomy":"product_brand","embeddable":true,"href":"https:\/\/www.criadores.es\/pt-pt\/wp-json\/wp\/v2\/product_brand?post=3493"},{"taxonomy":"product_cat","embeddable":true,"href":"https:\/\/www.criadores.es\/pt-pt\/wp-json\/wp\/v2\/product_cat?post=3493"},{"taxonomy":"product_tag","embeddable":true,"href":"https:\/\/www.criadores.es\/pt-pt\/wp-json\/wp\/v2\/product_tag?post=3493"}],"curies":[{"name":"wp","href":"https:\/\/api.w.org\/{rel}","templated":true}]}}