{"id":3495,"date":"2025-12-12T08:39:00","date_gmt":"2025-12-12T07:39:00","guid":{"rendered":"https:\/\/www.criadores.es\/?post_type=product&#038;p=3495"},"modified":"2025-12-12T12:50:34","modified_gmt":"2025-12-12T11:50:34","slug":"criadores-monoproteico-light-40-de-gordura-racao-de-frango-para-caes-adultos","status":"publish","type":"product","link":"https:\/\/www.criadores.es\/pt-pt\/producto\/criadores-monoproteico-light-40-de-gordura-racao-de-frango-para-caes-adultos\/","title":{"rendered":"Criadores Monoproteico Light -40% de gordura Ra\u00e7\u00e3o de frango para c\u00e3es adultos"},"content":{"rendered":"<p>Ra\u00e7\u00e3o monoproteica light -40% de gordura com frango fresco e arroz, concebida para ajudar no controlo de peso. Baixo teor de gordura, \u00f3tima digestibilidade e com nutrientes essenciais para promover a vitalidade e o bem-estar.<\/p>\n","protected":false},"excerpt":{"rendered":"<p>Ra\u00e7\u00e3o monoproteica light -40% de gordura com frango fresco e arroz, concebida para ajudar no controlo de peso. Baixo teor de gordura, \u00f3tima digestibilidade e com nutrientes essenciais para promover a vitalidade e o bem-estar.<\/p>\n","protected":false},"featured_media":3416,"comment_status":"open","ping_status":"closed","template":"","meta":{"_acf_changed":false},"product_brand":[],"product_cat":[165],"product_tag":[],"class_list":{"0":"post-3495","1":"product","2":"type-product","3":"status-publish","4":"has-post-thumbnail","6":"product_cat-monoproteico","8":"first","9":"instock","10":"shipping-taxable","11":"product-type-simple"},"acf":[],"_links":{"self":[{"href":"https:\/\/www.criadores.es\/pt-pt\/wp-json\/wp\/v2\/product\/3495","targetHints":{"allow":["GET"]}}],"collection":[{"href":"https:\/\/www.criadores.es\/pt-pt\/wp-json\/wp\/v2\/product"}],"about":[{"href":"https:\/\/www.criadores.es\/pt-pt\/wp-json\/wp\/v2\/types\/product"}],"replies":[{"embeddable":true,"href":"https:\/\/www.criadores.es\/pt-pt\/wp-json\/wp\/v2\/comments?post=3495"}],"wp:featuredmedia":[{"embeddable":true,"href":"https:\/\/www.criadores.es\/pt-pt\/wp-json\/wp\/v2\/media\/3416"}],"wp:attachment":[{"href":"https:\/\/www.criadores.es\/pt-pt\/wp-json\/wp\/v2\/media?parent=3495"}],"wp:term":[{"taxonomy":"product_brand","embeddable":true,"href":"https:\/\/www.criadores.es\/pt-pt\/wp-json\/wp\/v2\/product_brand?post=3495"},{"taxonomy":"product_cat","embeddable":true,"href":"https:\/\/www.criadores.es\/pt-pt\/wp-json\/wp\/v2\/product_cat?post=3495"},{"taxonomy":"product_tag","embeddable":true,"href":"https:\/\/www.criadores.es\/pt-pt\/wp-json\/wp\/v2\/product_tag?post=3495"}],"curies":[{"name":"wp","href":"https:\/\/api.w.org\/{rel}","templated":true}]}}