{"id":3497,"date":"2025-12-12T08:41:42","date_gmt":"2025-12-12T07:41:42","guid":{"rendered":"https:\/\/www.criadores.es\/producto\/criadores-cientifico-mini-racao-de-frango-para-cachorros\/"},"modified":"2025-12-12T11:58:21","modified_gmt":"2025-12-12T10:58:21","slug":"criadores-cientifico-mini-racao-de-frango-para-cachorros","status":"publish","type":"product","link":"https:\/\/www.criadores.es\/pt-pt\/producto\/criadores-cientifico-mini-racao-de-frango-para-cachorros\/","title":{"rendered":"Criadores Cient\u00edfico Mini Ra\u00e7\u00e3o de frango para cachorros"},"content":{"rendered":"<p>Ra\u00e7\u00e3o completa com frango fresco para cachorros de ra\u00e7a mini, formulada com ingredientes naturais que promovem uma digest\u00e3o adequada e um crescimento equilibrado.<\/p>\n","protected":false},"excerpt":{"rendered":"<p>Ra\u00e7\u00e3o completa com frango fresco para cachorros de ra\u00e7a mini, formulada com ingredientes naturais que promovem uma digest\u00e3o adequada e um crescimento equilibrado.<\/p>\n","protected":false},"featured_media":3419,"comment_status":"open","ping_status":"closed","template":"","meta":{"_acf_changed":false},"product_brand":[],"product_cat":[92,167],"product_tag":[],"class_list":{"0":"post-3497","1":"product","2":"type-product","3":"status-publish","4":"has-post-thumbnail","6":"product_cat-cao","7":"product_cat-cientifico-2","9":"first","10":"instock","11":"shipping-taxable","12":"product-type-simple"},"acf":[],"_links":{"self":[{"href":"https:\/\/www.criadores.es\/pt-pt\/wp-json\/wp\/v2\/product\/3497","targetHints":{"allow":["GET"]}}],"collection":[{"href":"https:\/\/www.criadores.es\/pt-pt\/wp-json\/wp\/v2\/product"}],"about":[{"href":"https:\/\/www.criadores.es\/pt-pt\/wp-json\/wp\/v2\/types\/product"}],"replies":[{"embeddable":true,"href":"https:\/\/www.criadores.es\/pt-pt\/wp-json\/wp\/v2\/comments?post=3497"}],"wp:featuredmedia":[{"embeddable":true,"href":"https:\/\/www.criadores.es\/pt-pt\/wp-json\/wp\/v2\/media\/3419"}],"wp:attachment":[{"href":"https:\/\/www.criadores.es\/pt-pt\/wp-json\/wp\/v2\/media?parent=3497"}],"wp:term":[{"taxonomy":"product_brand","embeddable":true,"href":"https:\/\/www.criadores.es\/pt-pt\/wp-json\/wp\/v2\/product_brand?post=3497"},{"taxonomy":"product_cat","embeddable":true,"href":"https:\/\/www.criadores.es\/pt-pt\/wp-json\/wp\/v2\/product_cat?post=3497"},{"taxonomy":"product_tag","embeddable":true,"href":"https:\/\/www.criadores.es\/pt-pt\/wp-json\/wp\/v2\/product_tag?post=3497"}],"curies":[{"name":"wp","href":"https:\/\/api.w.org\/{rel}","templated":true}]}}