{"id":3500,"date":"2025-12-12T08:49:21","date_gmt":"2025-12-12T07:49:21","guid":{"rendered":"https:\/\/www.criadores.es\/producto\/criadores-cientifico-adulto-medium-racao-de-frango-para-caes\/"},"modified":"2025-12-12T11:56:55","modified_gmt":"2025-12-12T10:56:55","slug":"criadores-cientifico-adulto-medium-racao-de-frango-para-caes","status":"publish","type":"product","link":"https:\/\/www.criadores.es\/pt-pt\/producto\/criadores-cientifico-adulto-medium-racao-de-frango-para-caes\/","title":{"rendered":"Criadores Cient\u00edfico Adulto Medium Ra\u00e7\u00e3o de frango para c\u00e3es"},"content":{"rendered":"<p>Ra\u00e7\u00e3o completa para c\u00e3es adultos de ra\u00e7as m\u00e9dias com frango fresco e arroz integral. Favorece uma \u00f3tima digest\u00e3o e ajuda a cuidar das articula\u00e7\u00f5es com uma receita deliciosa e equilibrada.<\/p>\n","protected":false},"excerpt":{"rendered":"<p>Ra\u00e7\u00e3o completa para c\u00e3es adultos de ra\u00e7as m\u00e9dias com frango fresco e arroz integral. Favorece uma \u00f3tima digest\u00e3o e ajuda a cuidar das articula\u00e7\u00f5es com uma receita deliciosa e equilibrada.<\/p>\n","protected":false},"featured_media":3428,"comment_status":"open","ping_status":"closed","template":"","meta":{"_acf_changed":false},"product_brand":[],"product_cat":[92,167],"product_tag":[],"class_list":{"0":"post-3500","1":"product","2":"type-product","3":"status-publish","4":"has-post-thumbnail","6":"product_cat-cao","7":"product_cat-cientifico-2","9":"first","10":"instock","11":"shipping-taxable","12":"product-type-simple"},"acf":[],"_links":{"self":[{"href":"https:\/\/www.criadores.es\/pt-pt\/wp-json\/wp\/v2\/product\/3500","targetHints":{"allow":["GET"]}}],"collection":[{"href":"https:\/\/www.criadores.es\/pt-pt\/wp-json\/wp\/v2\/product"}],"about":[{"href":"https:\/\/www.criadores.es\/pt-pt\/wp-json\/wp\/v2\/types\/product"}],"replies":[{"embeddable":true,"href":"https:\/\/www.criadores.es\/pt-pt\/wp-json\/wp\/v2\/comments?post=3500"}],"wp:featuredmedia":[{"embeddable":true,"href":"https:\/\/www.criadores.es\/pt-pt\/wp-json\/wp\/v2\/media\/3428"}],"wp:attachment":[{"href":"https:\/\/www.criadores.es\/pt-pt\/wp-json\/wp\/v2\/media?parent=3500"}],"wp:term":[{"taxonomy":"product_brand","embeddable":true,"href":"https:\/\/www.criadores.es\/pt-pt\/wp-json\/wp\/v2\/product_brand?post=3500"},{"taxonomy":"product_cat","embeddable":true,"href":"https:\/\/www.criadores.es\/pt-pt\/wp-json\/wp\/v2\/product_cat?post=3500"},{"taxonomy":"product_tag","embeddable":true,"href":"https:\/\/www.criadores.es\/pt-pt\/wp-json\/wp\/v2\/product_tag?post=3500"}],"curies":[{"name":"wp","href":"https:\/\/api.w.org\/{rel}","templated":true}]}}