{"id":3502,"date":"2025-12-12T08:54:46","date_gmt":"2025-12-12T07:54:46","guid":{"rendered":"https:\/\/www.criadores.es\/producto\/criadores-cientifico-sensitive-adulto-mini-racao-de-salmao-para-caes\/"},"modified":"2025-12-12T13:02:41","modified_gmt":"2025-12-12T12:02:41","slug":"criadores-cientifico-sensitive-adulto-mini-racao-de-salmao-para-caes","status":"publish","type":"product","link":"https:\/\/www.criadores.es\/pt-pt\/producto\/criadores-cientifico-sensitive-adulto-mini-racao-de-salmao-para-caes\/","title":{"rendered":"Criadores Cient\u00edfico Sensitive Adulto Mini Ra\u00e7\u00e3o de salm\u00e3o para c\u00e3es"},"content":{"rendered":"<p>Ra\u00e7\u00e3o completa sem cereais para c\u00e3es adultos de ra\u00e7as mini com salm\u00e3o fresco. \u00d3tima digestibilidade, favorece a sa\u00fade digestiva e contribui para a manuten\u00e7\u00e3o do bem-estar geral.<\/p>\n","protected":false},"excerpt":{"rendered":"<p>Ra\u00e7\u00e3o completa sem cereais para c\u00e3es adultos de ra\u00e7as mini com salm\u00e3o fresco. \u00d3tima digestibilidade, favorece a sa\u00fade digestiva e contribui para a manuten\u00e7\u00e3o do bem-estar geral.<\/p>\n","protected":false},"featured_media":3434,"comment_status":"open","ping_status":"closed","template":"","meta":{"_acf_changed":false},"product_brand":[],"product_cat":[92,167],"product_tag":[],"class_list":{"0":"post-3502","1":"product","2":"type-product","3":"status-publish","4":"has-post-thumbnail","6":"product_cat-cao","7":"product_cat-cientifico-2","9":"first","10":"instock","11":"shipping-taxable","12":"product-type-simple"},"acf":[],"_links":{"self":[{"href":"https:\/\/www.criadores.es\/pt-pt\/wp-json\/wp\/v2\/product\/3502","targetHints":{"allow":["GET"]}}],"collection":[{"href":"https:\/\/www.criadores.es\/pt-pt\/wp-json\/wp\/v2\/product"}],"about":[{"href":"https:\/\/www.criadores.es\/pt-pt\/wp-json\/wp\/v2\/types\/product"}],"replies":[{"embeddable":true,"href":"https:\/\/www.criadores.es\/pt-pt\/wp-json\/wp\/v2\/comments?post=3502"}],"wp:featuredmedia":[{"embeddable":true,"href":"https:\/\/www.criadores.es\/pt-pt\/wp-json\/wp\/v2\/media\/3434"}],"wp:attachment":[{"href":"https:\/\/www.criadores.es\/pt-pt\/wp-json\/wp\/v2\/media?parent=3502"}],"wp:term":[{"taxonomy":"product_brand","embeddable":true,"href":"https:\/\/www.criadores.es\/pt-pt\/wp-json\/wp\/v2\/product_brand?post=3502"},{"taxonomy":"product_cat","embeddable":true,"href":"https:\/\/www.criadores.es\/pt-pt\/wp-json\/wp\/v2\/product_cat?post=3502"},{"taxonomy":"product_tag","embeddable":true,"href":"https:\/\/www.criadores.es\/pt-pt\/wp-json\/wp\/v2\/product_tag?post=3502"}],"curies":[{"name":"wp","href":"https:\/\/api.w.org\/{rel}","templated":true}]}}