{"id":3503,"date":"2025-12-12T08:56:20","date_gmt":"2025-12-12T07:56:20","guid":{"rendered":"https:\/\/www.criadores.es\/producto\/criadores-cientifico-sensitive-adulto-medium-maxi-racao-de-salmao-para-caes\/"},"modified":"2025-12-12T08:56:20","modified_gmt":"2025-12-12T07:56:20","slug":"criadores-cientifico-sensitive-adulto-medium-maxi-racao-de-salmao-para-caes","status":"publish","type":"product","link":"https:\/\/www.criadores.es\/pt-pt\/producto\/criadores-cientifico-sensitive-adulto-medium-maxi-racao-de-salmao-para-caes\/","title":{"rendered":"Criadores Cient\u00edfico Sensitive Adulto Medium-Maxi Ra\u00e7\u00e3o de salm\u00e3o para c\u00e3es"},"content":{"rendered":"<p>Ra\u00e7\u00e3o completa sem cereais para c\u00e3es adultos de ra\u00e7as m\u00e9dias e grandes com salm\u00e3o fresco. Com \u00f3tima digestibilidade, contribui para o cuidado da sa\u00fade digestiva e para a manuten\u00e7\u00e3o do bem-estar geral.<\/p>\n","protected":false},"excerpt":{"rendered":"<p>Ra\u00e7\u00e3o completa sem cereais para c\u00e3es adultos de ra\u00e7as m\u00e9dias e grandes com salm\u00e3o fresco. Com \u00f3tima digestibilidade, contribui para o cuidado da sa\u00fade digestiva e para a manuten\u00e7\u00e3o do bem-estar geral.<\/p>\n","protected":false},"featured_media":3437,"comment_status":"open","ping_status":"closed","template":"","meta":{"_acf_changed":false},"product_brand":[],"product_cat":[92,167],"product_tag":[],"class_list":{"0":"post-3503","1":"product","2":"type-product","3":"status-publish","4":"has-post-thumbnail","6":"product_cat-cao","7":"product_cat-cientifico-2","9":"first","10":"instock","11":"shipping-taxable","12":"product-type-simple"},"acf":[],"_links":{"self":[{"href":"https:\/\/www.criadores.es\/pt-pt\/wp-json\/wp\/v2\/product\/3503","targetHints":{"allow":["GET"]}}],"collection":[{"href":"https:\/\/www.criadores.es\/pt-pt\/wp-json\/wp\/v2\/product"}],"about":[{"href":"https:\/\/www.criadores.es\/pt-pt\/wp-json\/wp\/v2\/types\/product"}],"replies":[{"embeddable":true,"href":"https:\/\/www.criadores.es\/pt-pt\/wp-json\/wp\/v2\/comments?post=3503"}],"wp:featuredmedia":[{"embeddable":true,"href":"https:\/\/www.criadores.es\/pt-pt\/wp-json\/wp\/v2\/media\/3437"}],"wp:attachment":[{"href":"https:\/\/www.criadores.es\/pt-pt\/wp-json\/wp\/v2\/media?parent=3503"}],"wp:term":[{"taxonomy":"product_brand","embeddable":true,"href":"https:\/\/www.criadores.es\/pt-pt\/wp-json\/wp\/v2\/product_brand?post=3503"},{"taxonomy":"product_cat","embeddable":true,"href":"https:\/\/www.criadores.es\/pt-pt\/wp-json\/wp\/v2\/product_cat?post=3503"},{"taxonomy":"product_tag","embeddable":true,"href":"https:\/\/www.criadores.es\/pt-pt\/wp-json\/wp\/v2\/product_tag?post=3503"}],"curies":[{"name":"wp","href":"https:\/\/api.w.org\/{rel}","templated":true}]}}