{"id":3504,"date":"2025-12-12T08:58:25","date_gmt":"2025-12-12T07:58:25","guid":{"rendered":"https:\/\/www.criadores.es\/producto\/criadores-cientifico-senior-sensitive-mini-racao-de-salmao-para-caes\/"},"modified":"2025-12-12T08:58:25","modified_gmt":"2025-12-12T07:58:25","slug":"criadores-cientifico-senior-sensitive-mini-racao-de-salmao-para-caes","status":"publish","type":"product","link":"https:\/\/www.criadores.es\/pt-pt\/producto\/criadores-cientifico-senior-sensitive-mini-racao-de-salmao-para-caes\/","title":{"rendered":"Criadores Cient\u00edfico Senior Sensitive Mini Ra\u00e7\u00e3o de salm\u00e3o para c\u00e3es"},"content":{"rendered":"<p>Receita sem cereais para c\u00e3es s\u00e9nior de ra\u00e7as mini com salm\u00e3o fresco. Alta digestibilidade, controlo de peso e apoio articular para ajudar a manter o seu bem-estar geral.<\/p>\n","protected":false},"excerpt":{"rendered":"<p>Receita sem cereais para c\u00e3es s\u00e9nior de ra\u00e7as mini com salm\u00e3o fresco. Alta digestibilidade, controlo de peso e apoio articular para ajudar a manter o seu bem-estar geral.<\/p>\n","protected":false},"featured_media":3441,"comment_status":"open","ping_status":"closed","template":"","meta":{"_acf_changed":false},"product_brand":[],"product_cat":[92,167],"product_tag":[],"class_list":{"0":"post-3504","1":"product","2":"type-product","3":"status-publish","4":"has-post-thumbnail","6":"product_cat-cao","7":"product_cat-cientifico-2","9":"first","10":"instock","11":"shipping-taxable","12":"product-type-simple"},"acf":[],"_links":{"self":[{"href":"https:\/\/www.criadores.es\/pt-pt\/wp-json\/wp\/v2\/product\/3504","targetHints":{"allow":["GET"]}}],"collection":[{"href":"https:\/\/www.criadores.es\/pt-pt\/wp-json\/wp\/v2\/product"}],"about":[{"href":"https:\/\/www.criadores.es\/pt-pt\/wp-json\/wp\/v2\/types\/product"}],"replies":[{"embeddable":true,"href":"https:\/\/www.criadores.es\/pt-pt\/wp-json\/wp\/v2\/comments?post=3504"}],"wp:featuredmedia":[{"embeddable":true,"href":"https:\/\/www.criadores.es\/pt-pt\/wp-json\/wp\/v2\/media\/3441"}],"wp:attachment":[{"href":"https:\/\/www.criadores.es\/pt-pt\/wp-json\/wp\/v2\/media?parent=3504"}],"wp:term":[{"taxonomy":"product_brand","embeddable":true,"href":"https:\/\/www.criadores.es\/pt-pt\/wp-json\/wp\/v2\/product_brand?post=3504"},{"taxonomy":"product_cat","embeddable":true,"href":"https:\/\/www.criadores.es\/pt-pt\/wp-json\/wp\/v2\/product_cat?post=3504"},{"taxonomy":"product_tag","embeddable":true,"href":"https:\/\/www.criadores.es\/pt-pt\/wp-json\/wp\/v2\/product_tag?post=3504"}],"curies":[{"name":"wp","href":"https:\/\/api.w.org\/{rel}","templated":true}]}}