{"id":3506,"date":"2025-12-12T09:02:21","date_gmt":"2025-12-12T08:02:21","guid":{"rendered":"https:\/\/www.criadores.es\/producto\/criadores-cientifico-light-46-de-gordura-adulto-mini-racao-de-frango-para-caes\/"},"modified":"2025-12-12T09:02:21","modified_gmt":"2025-12-12T08:02:21","slug":"criadores-cientifico-light-46-de-gordura-adulto-mini-racao-de-frango-para-caes","status":"publish","type":"product","link":"https:\/\/www.criadores.es\/pt-pt\/producto\/criadores-cientifico-light-46-de-gordura-adulto-mini-racao-de-frango-para-caes\/","title":{"rendered":"Criadores Cient\u00edfico light -46% de gordura Adulto Mini Ra\u00e7\u00e3o de frango para c\u00e3es"},"content":{"rendered":"<p>Ra\u00e7\u00e3o light -46% de gordura com frango fresco e arroz integral para c\u00e3es adultos de ra\u00e7as mini. Baixa em gordura, ajuda a controlar o peso com uma alimenta\u00e7\u00e3o equilibrada e saborosa.<\/p>\n","protected":false},"excerpt":{"rendered":"<p>Ra\u00e7\u00e3o light -46% de gordura com frango fresco e arroz integral para c\u00e3es adultos de ra\u00e7as mini. Baixa em gordura, ajuda a controlar o peso com uma alimenta\u00e7\u00e3o equilibrada e saborosa.<\/p>\n","protected":false},"featured_media":3447,"comment_status":"open","ping_status":"closed","template":"","meta":{"_acf_changed":false},"product_brand":[],"product_cat":[92,167],"product_tag":[],"class_list":{"0":"post-3506","1":"product","2":"type-product","3":"status-publish","4":"has-post-thumbnail","6":"product_cat-cao","7":"product_cat-cientifico-2","9":"first","10":"instock","11":"shipping-taxable","12":"product-type-simple"},"acf":[],"_links":{"self":[{"href":"https:\/\/www.criadores.es\/pt-pt\/wp-json\/wp\/v2\/product\/3506","targetHints":{"allow":["GET"]}}],"collection":[{"href":"https:\/\/www.criadores.es\/pt-pt\/wp-json\/wp\/v2\/product"}],"about":[{"href":"https:\/\/www.criadores.es\/pt-pt\/wp-json\/wp\/v2\/types\/product"}],"replies":[{"embeddable":true,"href":"https:\/\/www.criadores.es\/pt-pt\/wp-json\/wp\/v2\/comments?post=3506"}],"wp:featuredmedia":[{"embeddable":true,"href":"https:\/\/www.criadores.es\/pt-pt\/wp-json\/wp\/v2\/media\/3447"}],"wp:attachment":[{"href":"https:\/\/www.criadores.es\/pt-pt\/wp-json\/wp\/v2\/media?parent=3506"}],"wp:term":[{"taxonomy":"product_brand","embeddable":true,"href":"https:\/\/www.criadores.es\/pt-pt\/wp-json\/wp\/v2\/product_brand?post=3506"},{"taxonomy":"product_cat","embeddable":true,"href":"https:\/\/www.criadores.es\/pt-pt\/wp-json\/wp\/v2\/product_cat?post=3506"},{"taxonomy":"product_tag","embeddable":true,"href":"https:\/\/www.criadores.es\/pt-pt\/wp-json\/wp\/v2\/product_tag?post=3506"}],"curies":[{"name":"wp","href":"https:\/\/api.w.org\/{rel}","templated":true}]}}