{"id":3508,"date":"2025-12-12T09:06:40","date_gmt":"2025-12-12T08:06:40","guid":{"rendered":"https:\/\/www.criadores.es\/producto\/criadores-cientifico-senior-racao-para-caes-de-raca-mini\/"},"modified":"2025-12-12T13:08:37","modified_gmt":"2025-12-12T12:08:37","slug":"criadores-cientifico-senior-racao-para-caes-de-raca-mini","status":"publish","type":"product","link":"https:\/\/www.criadores.es\/pt-pt\/producto\/criadores-cientifico-senior-racao-para-caes-de-raca-mini\/","title":{"rendered":"Criadores Cient\u00edfico Senior Ra\u00e7\u00e3o para c\u00e3es de ra\u00e7a mini"},"content":{"rendered":"<p>Alimento completo e equilibrado para c\u00e3es s\u00e9nior (+10 anos) de ra\u00e7as mini (at\u00e9 10 kg). Formulado com frango fresco e arroz integral, favorece a vitalidade, uma digest\u00e3o adequada e contribui para o refor\u00e7o do sistema imunit\u00e1rio gra\u00e7as ao seu Sistema InmunoComplex.<\/p>\n","protected":false},"excerpt":{"rendered":"<p>Alimento completo e equilibrado para c\u00e3es s\u00e9nior (+10 anos) de ra\u00e7as mini (at\u00e9 10 kg). Formulado com frango fresco e arroz integral, favorece a vitalidade, uma digest\u00e3o adequada e contribui para o refor\u00e7o do sistema imunit\u00e1rio gra\u00e7as ao seu Sistema InmunoComplex.<\/p>\n","protected":false},"featured_media":3453,"comment_status":"open","ping_status":"closed","template":"","meta":{"_acf_changed":false},"product_brand":[],"product_cat":[92,167],"product_tag":[],"class_list":{"0":"post-3508","1":"product","2":"type-product","3":"status-publish","4":"has-post-thumbnail","6":"product_cat-cao","7":"product_cat-cientifico-2","9":"first","10":"instock","11":"shipping-taxable","12":"product-type-simple"},"acf":[],"_links":{"self":[{"href":"https:\/\/www.criadores.es\/pt-pt\/wp-json\/wp\/v2\/product\/3508","targetHints":{"allow":["GET"]}}],"collection":[{"href":"https:\/\/www.criadores.es\/pt-pt\/wp-json\/wp\/v2\/product"}],"about":[{"href":"https:\/\/www.criadores.es\/pt-pt\/wp-json\/wp\/v2\/types\/product"}],"replies":[{"embeddable":true,"href":"https:\/\/www.criadores.es\/pt-pt\/wp-json\/wp\/v2\/comments?post=3508"}],"wp:featuredmedia":[{"embeddable":true,"href":"https:\/\/www.criadores.es\/pt-pt\/wp-json\/wp\/v2\/media\/3453"}],"wp:attachment":[{"href":"https:\/\/www.criadores.es\/pt-pt\/wp-json\/wp\/v2\/media?parent=3508"}],"wp:term":[{"taxonomy":"product_brand","embeddable":true,"href":"https:\/\/www.criadores.es\/pt-pt\/wp-json\/wp\/v2\/product_brand?post=3508"},{"taxonomy":"product_cat","embeddable":true,"href":"https:\/\/www.criadores.es\/pt-pt\/wp-json\/wp\/v2\/product_cat?post=3508"},{"taxonomy":"product_tag","embeddable":true,"href":"https:\/\/www.criadores.es\/pt-pt\/wp-json\/wp\/v2\/product_tag?post=3508"}],"curies":[{"name":"wp","href":"https:\/\/api.w.org\/{rel}","templated":true}]}}