{"id":3509,"date":"2025-12-12T09:08:40","date_gmt":"2025-12-12T08:08:40","guid":{"rendered":"https:\/\/www.criadores.es\/producto\/criadores-cientifico-senior-racao-para-caes-de-racas-medias-e-grandes\/"},"modified":"2025-12-12T11:52:35","modified_gmt":"2025-12-12T10:52:35","slug":"criadores-cientifico-senior-racao-para-caes-de-racas-medias-e-grandes","status":"publish","type":"product","link":"https:\/\/www.criadores.es\/pt-pt\/producto\/criadores-cientifico-senior-racao-para-caes-de-racas-medias-e-grandes\/","title":{"rendered":"Criadores Cient\u00edfico Senior Ra\u00e7\u00e3o para c\u00e3es de ra\u00e7as m\u00e9dias e grandes"},"content":{"rendered":"<p>Alimento completo para c\u00e3es s\u00e9nior (+7 anos) de ra\u00e7as m\u00e9dias e grandes (+11 kg). Formulado com frango fresco e arroz integral, favorece a manuten\u00e7\u00e3o da vitalidade, uma digest\u00e3o adequada e contribui para o refor\u00e7o do sistema imunol\u00f3gico gra\u00e7as ao seu Sistema InmunoComplex.<\/p>\n","protected":false},"excerpt":{"rendered":"<p>Alimento completo para c\u00e3es s\u00e9nior (+7 anos) de ra\u00e7as m\u00e9dias e grandes (+11 kg). Formulado com frango fresco e arroz integral, favorece a manuten\u00e7\u00e3o da vitalidade, uma digest\u00e3o adequada e contribui para o refor\u00e7o do sistema imunol\u00f3gico gra\u00e7as ao seu Sistema InmunoComplex.<\/p>\n","protected":false},"featured_media":3457,"comment_status":"open","ping_status":"closed","template":"","meta":{"_acf_changed":false},"product_brand":[],"product_cat":[92,167],"product_tag":[],"class_list":{"0":"post-3509","1":"product","2":"type-product","3":"status-publish","4":"has-post-thumbnail","6":"product_cat-cao","7":"product_cat-cientifico-2","9":"first","10":"instock","11":"shipping-taxable","12":"product-type-simple"},"acf":[],"_links":{"self":[{"href":"https:\/\/www.criadores.es\/pt-pt\/wp-json\/wp\/v2\/product\/3509","targetHints":{"allow":["GET"]}}],"collection":[{"href":"https:\/\/www.criadores.es\/pt-pt\/wp-json\/wp\/v2\/product"}],"about":[{"href":"https:\/\/www.criadores.es\/pt-pt\/wp-json\/wp\/v2\/types\/product"}],"replies":[{"embeddable":true,"href":"https:\/\/www.criadores.es\/pt-pt\/wp-json\/wp\/v2\/comments?post=3509"}],"wp:featuredmedia":[{"embeddable":true,"href":"https:\/\/www.criadores.es\/pt-pt\/wp-json\/wp\/v2\/media\/3457"}],"wp:attachment":[{"href":"https:\/\/www.criadores.es\/pt-pt\/wp-json\/wp\/v2\/media?parent=3509"}],"wp:term":[{"taxonomy":"product_brand","embeddable":true,"href":"https:\/\/www.criadores.es\/pt-pt\/wp-json\/wp\/v2\/product_brand?post=3509"},{"taxonomy":"product_cat","embeddable":true,"href":"https:\/\/www.criadores.es\/pt-pt\/wp-json\/wp\/v2\/product_cat?post=3509"},{"taxonomy":"product_tag","embeddable":true,"href":"https:\/\/www.criadores.es\/pt-pt\/wp-json\/wp\/v2\/product_tag?post=3509"}],"curies":[{"name":"wp","href":"https:\/\/api.w.org\/{rel}","templated":true}]}}