{"id":3510,"date":"2025-12-12T09:12:27","date_gmt":"2025-12-12T08:12:27","guid":{"rendered":"https:\/\/www.criadores.es\/producto\/criadores-cientifico-motherbabycat-racao-de-frango-para-gatos\/"},"modified":"2025-12-12T11:52:03","modified_gmt":"2025-12-12T10:52:03","slug":"criadores-cientifico-motherbabycat-racao-de-frango-para-gatos","status":"publish","type":"product","link":"https:\/\/www.criadores.es\/pt-pt\/producto\/criadores-cientifico-motherbabycat-racao-de-frango-para-gatos\/","title":{"rendered":"Criadores Cient\u00edfico Mother&#038;BabyCat Ra\u00e7\u00e3o de frango para gatos"},"content":{"rendered":"<p>Ra\u00e7\u00e3o com frango fresco para gatas m\u00e3es e gatinhos, formulada com ingredientes naturais que favorecem a digest\u00e3o, a lacta\u00e7\u00e3o e o desenvolvimento saud\u00e1vel.<\/p>\n","protected":false},"excerpt":{"rendered":"<p>Ra\u00e7\u00e3o com frango fresco para gatas m\u00e3es e gatinhos, formulada com ingredientes naturais que favorecem a digest\u00e3o, a lacta\u00e7\u00e3o e o desenvolvimento saud\u00e1vel.<\/p>\n","protected":false},"featured_media":3460,"comment_status":"open","ping_status":"closed","template":"","meta":{"_acf_changed":false},"product_brand":[],"product_cat":[166,111],"product_tag":[],"class_list":{"0":"post-3510","1":"product","2":"type-product","3":"status-publish","4":"has-post-thumbnail","6":"product_cat-cientifico-gatos","7":"product_cat-gatos","9":"first","10":"instock","11":"shipping-taxable","12":"product-type-simple"},"acf":[],"_links":{"self":[{"href":"https:\/\/www.criadores.es\/pt-pt\/wp-json\/wp\/v2\/product\/3510","targetHints":{"allow":["GET"]}}],"collection":[{"href":"https:\/\/www.criadores.es\/pt-pt\/wp-json\/wp\/v2\/product"}],"about":[{"href":"https:\/\/www.criadores.es\/pt-pt\/wp-json\/wp\/v2\/types\/product"}],"replies":[{"embeddable":true,"href":"https:\/\/www.criadores.es\/pt-pt\/wp-json\/wp\/v2\/comments?post=3510"}],"wp:featuredmedia":[{"embeddable":true,"href":"https:\/\/www.criadores.es\/pt-pt\/wp-json\/wp\/v2\/media\/3460"}],"wp:attachment":[{"href":"https:\/\/www.criadores.es\/pt-pt\/wp-json\/wp\/v2\/media?parent=3510"}],"wp:term":[{"taxonomy":"product_brand","embeddable":true,"href":"https:\/\/www.criadores.es\/pt-pt\/wp-json\/wp\/v2\/product_brand?post=3510"},{"taxonomy":"product_cat","embeddable":true,"href":"https:\/\/www.criadores.es\/pt-pt\/wp-json\/wp\/v2\/product_cat?post=3510"},{"taxonomy":"product_tag","embeddable":true,"href":"https:\/\/www.criadores.es\/pt-pt\/wp-json\/wp\/v2\/product_tag?post=3510"}],"curies":[{"name":"wp","href":"https:\/\/api.w.org\/{rel}","templated":true}]}}