{"id":3511,"date":"2025-12-12T09:13:54","date_gmt":"2025-12-12T08:13:54","guid":{"rendered":"https:\/\/www.criadores.es\/producto\/criadores-cientifico-kitten-racao-de-frango-para-gatinhos\/"},"modified":"2025-12-12T13:11:31","modified_gmt":"2025-12-12T12:11:31","slug":"criadores-cientifico-kitten-racao-de-frango-para-gatinhos","status":"publish","type":"product","link":"https:\/\/www.criadores.es\/pt-pt\/producto\/criadores-cientifico-kitten-racao-de-frango-para-gatinhos\/","title":{"rendered":"Criadores Cient\u00edfico Kitten Ra\u00e7\u00e3o de frango para gatinhos"},"content":{"rendered":"<p>Ra\u00e7\u00e3o com frango fresco para gatinhos, formulada com ingredientes naturais que favorecem a digest\u00e3o e promovem um crescimento e desenvolvimento equilibrados.<\/p>\n","protected":false},"excerpt":{"rendered":"<p>Ra\u00e7\u00e3o com frango fresco para gatinhos, formulada com ingredientes naturais que favorecem a digest\u00e3o e promovem um crescimento e desenvolvimento equilibrados.<\/p>\n","protected":false},"featured_media":3463,"comment_status":"open","ping_status":"closed","template":"","meta":{"_acf_changed":false},"product_brand":[],"product_cat":[166,111],"product_tag":[],"class_list":{"0":"post-3511","1":"product","2":"type-product","3":"status-publish","4":"has-post-thumbnail","6":"product_cat-cientifico-gatos","7":"product_cat-gatos","9":"first","10":"instock","11":"shipping-taxable","12":"product-type-simple"},"acf":[],"_links":{"self":[{"href":"https:\/\/www.criadores.es\/pt-pt\/wp-json\/wp\/v2\/product\/3511","targetHints":{"allow":["GET"]}}],"collection":[{"href":"https:\/\/www.criadores.es\/pt-pt\/wp-json\/wp\/v2\/product"}],"about":[{"href":"https:\/\/www.criadores.es\/pt-pt\/wp-json\/wp\/v2\/types\/product"}],"replies":[{"embeddable":true,"href":"https:\/\/www.criadores.es\/pt-pt\/wp-json\/wp\/v2\/comments?post=3511"}],"wp:featuredmedia":[{"embeddable":true,"href":"https:\/\/www.criadores.es\/pt-pt\/wp-json\/wp\/v2\/media\/3463"}],"wp:attachment":[{"href":"https:\/\/www.criadores.es\/pt-pt\/wp-json\/wp\/v2\/media?parent=3511"}],"wp:term":[{"taxonomy":"product_brand","embeddable":true,"href":"https:\/\/www.criadores.es\/pt-pt\/wp-json\/wp\/v2\/product_brand?post=3511"},{"taxonomy":"product_cat","embeddable":true,"href":"https:\/\/www.criadores.es\/pt-pt\/wp-json\/wp\/v2\/product_cat?post=3511"},{"taxonomy":"product_tag","embeddable":true,"href":"https:\/\/www.criadores.es\/pt-pt\/wp-json\/wp\/v2\/product_tag?post=3511"}],"curies":[{"name":"wp","href":"https:\/\/api.w.org\/{rel}","templated":true}]}}