{"id":3514,"date":"2025-12-12T09:19:19","date_gmt":"2025-12-12T08:19:19","guid":{"rendered":"https:\/\/www.criadores.es\/producto\/criadores-cientifico-adulto-esterilizado-racao-de-peixe-para-gatos\/"},"modified":"2025-12-12T13:14:08","modified_gmt":"2025-12-12T12:14:08","slug":"criadores-cientifico-adulto-esterilizado-racao-de-peixe-para-gatos","status":"publish","type":"product","link":"https:\/\/www.criadores.es\/pt-pt\/producto\/criadores-cientifico-adulto-esterilizado-racao-de-peixe-para-gatos\/","title":{"rendered":"Criadores Cient\u00edfico Adulto Esterilizado Ra\u00e7\u00e3o de peixe para gatos"},"content":{"rendered":"<p>Ra\u00e7\u00e3o com peixe branco fresco para gatos adultos esterilizados, formulada com ingredientes naturais que ajudam a manter o peso corporal e a controlar o pH urin\u00e1rio.<\/p>\n","protected":false},"excerpt":{"rendered":"<p>Ra\u00e7\u00e3o com peixe branco fresco para gatos adultos esterilizados, formulada com ingredientes naturais que ajudam a manter o peso corporal e a controlar o pH urin\u00e1rio.<\/p>\n","protected":false},"featured_media":3487,"comment_status":"open","ping_status":"closed","template":"","meta":{"_acf_changed":false},"product_brand":[],"product_cat":[166,111],"product_tag":[],"class_list":{"0":"post-3514","1":"product","2":"type-product","3":"status-publish","4":"has-post-thumbnail","6":"product_cat-cientifico-gatos","7":"product_cat-gatos","9":"first","10":"instock","11":"shipping-taxable","12":"product-type-simple"},"acf":[],"_links":{"self":[{"href":"https:\/\/www.criadores.es\/pt-pt\/wp-json\/wp\/v2\/product\/3514","targetHints":{"allow":["GET"]}}],"collection":[{"href":"https:\/\/www.criadores.es\/pt-pt\/wp-json\/wp\/v2\/product"}],"about":[{"href":"https:\/\/www.criadores.es\/pt-pt\/wp-json\/wp\/v2\/types\/product"}],"replies":[{"embeddable":true,"href":"https:\/\/www.criadores.es\/pt-pt\/wp-json\/wp\/v2\/comments?post=3514"}],"wp:featuredmedia":[{"embeddable":true,"href":"https:\/\/www.criadores.es\/pt-pt\/wp-json\/wp\/v2\/media\/3487"}],"wp:attachment":[{"href":"https:\/\/www.criadores.es\/pt-pt\/wp-json\/wp\/v2\/media?parent=3514"}],"wp:term":[{"taxonomy":"product_brand","embeddable":true,"href":"https:\/\/www.criadores.es\/pt-pt\/wp-json\/wp\/v2\/product_brand?post=3514"},{"taxonomy":"product_cat","embeddable":true,"href":"https:\/\/www.criadores.es\/pt-pt\/wp-json\/wp\/v2\/product_cat?post=3514"},{"taxonomy":"product_tag","embeddable":true,"href":"https:\/\/www.criadores.es\/pt-pt\/wp-json\/wp\/v2\/product_tag?post=3514"}],"curies":[{"name":"wp","href":"https:\/\/api.w.org\/{rel}","templated":true}]}}