{"id":3515,"date":"2025-12-12T09:21:08","date_gmt":"2025-12-12T08:21:08","guid":{"rendered":"https:\/\/www.criadores.es\/producto\/criadores-cientifico-mature-7-racao-de-frango-para-gatos\/"},"modified":"2025-12-12T13:15:12","modified_gmt":"2025-12-12T12:15:12","slug":"criadores-cientifico-mature-7-racao-de-frango-para-gatos","status":"publish","type":"product","link":"https:\/\/www.criadores.es\/pt-pt\/producto\/criadores-cientifico-mature-7-racao-de-frango-para-gatos\/","title":{"rendered":"Criadores Cient\u00edfico Mature +7 Ra\u00e7\u00e3o de frango para gatos"},"content":{"rendered":"<p>Bem-estar e vitalidade para gatos adultos entre os 7 e os 12 anos<br \/>\nCriadores Cient\u00edfico Mature +7 de frango oferece uma alimenta\u00e7\u00e3o completa e equilibrada para gatos adultos entre os 7 e os 12 anos. A sua f\u00f3rmula cont\u00e9m frango fresco, que fornece prote\u00ednas de alta qualidade e ajuda a regular a perda muscular associada \u00e0 idade.<\/p>\n","protected":false},"excerpt":{"rendered":"<p>Bem-estar e vitalidade para gatos adultos entre os 7 e os 12 anos<br \/>\nCriadores Cient\u00edfico Mature +7 de frango oferece uma alimenta\u00e7\u00e3o completa e equilibrada para gatos adultos entre os 7 e os 12 anos. A sua f\u00f3rmula cont\u00e9m frango fresco, que fornece prote\u00ednas de alta qualidade e ajuda a regular a perda muscular associada \u00e0 idade.<\/p>\n","protected":false},"featured_media":3475,"comment_status":"open","ping_status":"closed","template":"","meta":{"_acf_changed":false},"product_brand":[],"product_cat":[166,111],"product_tag":[],"class_list":{"0":"post-3515","1":"product","2":"type-product","3":"status-publish","4":"has-post-thumbnail","6":"product_cat-cientifico-gatos","7":"product_cat-gatos","9":"first","10":"instock","11":"shipping-taxable","12":"product-type-simple"},"acf":[],"_links":{"self":[{"href":"https:\/\/www.criadores.es\/pt-pt\/wp-json\/wp\/v2\/product\/3515","targetHints":{"allow":["GET"]}}],"collection":[{"href":"https:\/\/www.criadores.es\/pt-pt\/wp-json\/wp\/v2\/product"}],"about":[{"href":"https:\/\/www.criadores.es\/pt-pt\/wp-json\/wp\/v2\/types\/product"}],"replies":[{"embeddable":true,"href":"https:\/\/www.criadores.es\/pt-pt\/wp-json\/wp\/v2\/comments?post=3515"}],"wp:featuredmedia":[{"embeddable":true,"href":"https:\/\/www.criadores.es\/pt-pt\/wp-json\/wp\/v2\/media\/3475"}],"wp:attachment":[{"href":"https:\/\/www.criadores.es\/pt-pt\/wp-json\/wp\/v2\/media?parent=3515"}],"wp:term":[{"taxonomy":"product_brand","embeddable":true,"href":"https:\/\/www.criadores.es\/pt-pt\/wp-json\/wp\/v2\/product_brand?post=3515"},{"taxonomy":"product_cat","embeddable":true,"href":"https:\/\/www.criadores.es\/pt-pt\/wp-json\/wp\/v2\/product_cat?post=3515"},{"taxonomy":"product_tag","embeddable":true,"href":"https:\/\/www.criadores.es\/pt-pt\/wp-json\/wp\/v2\/product_tag?post=3515"}],"curies":[{"name":"wp","href":"https:\/\/api.w.org\/{rel}","templated":true}]}}