{"id":3516,"date":"2025-12-12T09:22:06","date_gmt":"2025-12-12T08:22:06","guid":{"rendered":"https:\/\/www.criadores.es\/producto\/criadores-cientifico-senior-12-racao-de-peixe-para-gatos\/"},"modified":"2025-12-12T11:46:11","modified_gmt":"2025-12-12T10:46:11","slug":"criadores-cientifico-senior-12-racao-de-peixe-para-gatos","status":"publish","type":"product","link":"https:\/\/www.criadores.es\/pt-pt\/producto\/criadores-cientifico-senior-12-racao-de-peixe-para-gatos\/","title":{"rendered":"Criadores Cient\u00edfico Senior +12 Ra\u00e7\u00e3o de peixe para gatos"},"content":{"rendered":"<p>Ra\u00e7\u00e3o com peixe branco fresco para gatos s\u00e9nior, formulada com ingredientes naturais que favorecem a digest\u00e3o e contribuem para o cuidado das articula\u00e7\u00f5es.<\/p>\n","protected":false},"excerpt":{"rendered":"<p>Ra\u00e7\u00e3o com peixe branco fresco para gatos s\u00e9nior, formulada com ingredientes naturais que favorecem a digest\u00e3o e contribuem para o cuidado das articula\u00e7\u00f5es.<\/p>\n","protected":false},"featured_media":3478,"comment_status":"open","ping_status":"closed","template":"","meta":{"_acf_changed":false},"product_brand":[],"product_cat":[105,166,111],"product_tag":[],"class_list":{"0":"post-3516","1":"product","2":"type-product","3":"status-publish","4":"has-post-thumbnail","6":"product_cat-alimentacao-seca-pt","7":"product_cat-cientifico-gatos","8":"product_cat-gatos","10":"first","11":"instock","12":"shipping-taxable","13":"product-type-simple"},"acf":[],"_links":{"self":[{"href":"https:\/\/www.criadores.es\/pt-pt\/wp-json\/wp\/v2\/product\/3516","targetHints":{"allow":["GET"]}}],"collection":[{"href":"https:\/\/www.criadores.es\/pt-pt\/wp-json\/wp\/v2\/product"}],"about":[{"href":"https:\/\/www.criadores.es\/pt-pt\/wp-json\/wp\/v2\/types\/product"}],"replies":[{"embeddable":true,"href":"https:\/\/www.criadores.es\/pt-pt\/wp-json\/wp\/v2\/comments?post=3516"}],"wp:featuredmedia":[{"embeddable":true,"href":"https:\/\/www.criadores.es\/pt-pt\/wp-json\/wp\/v2\/media\/3478"}],"wp:attachment":[{"href":"https:\/\/www.criadores.es\/pt-pt\/wp-json\/wp\/v2\/media?parent=3516"}],"wp:term":[{"taxonomy":"product_brand","embeddable":true,"href":"https:\/\/www.criadores.es\/pt-pt\/wp-json\/wp\/v2\/product_brand?post=3516"},{"taxonomy":"product_cat","embeddable":true,"href":"https:\/\/www.criadores.es\/pt-pt\/wp-json\/wp\/v2\/product_cat?post=3516"},{"taxonomy":"product_tag","embeddable":true,"href":"https:\/\/www.criadores.es\/pt-pt\/wp-json\/wp\/v2\/product_tag?post=3516"}],"curies":[{"name":"wp","href":"https:\/\/api.w.org\/{rel}","templated":true}]}}