{"id":3653,"date":"2025-12-22T16:25:44","date_gmt":"2025-12-22T15:25:44","guid":{"rendered":"https:\/\/www.criadores.es\/?post_type=product&#038;p=3653"},"modified":"2025-12-22T16:26:47","modified_gmt":"2025-12-22T15:26:47","slug":"criadores-oleo-de-atum-para-caes-e-gatos-copia","status":"publish","type":"product","link":"https:\/\/www.criadores.es\/pt-pt\/producto\/criadores-oleo-de-atum-para-caes-e-gatos-copia\/","title":{"rendered":"Criadores \u00d3leo de Atum para c\u00e3es e gatos (copia)"},"content":{"rendered":"<h2>Criadores \u00f3leo de atum rico em \u00f3mega 3<\/h2>\n<p>J\u00e1 ouviu falar dos benef\u00edcios que tem o \u00f3leo de peixe para os animais? De certeza que sim. E com certeza j\u00e1 conhece o famoso \u00f3leo de salm\u00e3o, um dos alimentos complementares para c\u00e3es e gatos mais utilizados. Este ingrediente tamb\u00e9m costuma ser utilizado em muitos alimentos secos e h\u00famidos para melhorar a receita e aportar <strong>benef\u00edcios extra para a sa\u00fade <\/strong>dos nossos animais de companhia.<\/p>\n<p>Hoje queremos apresentar para si o novo \u00f3leo de atum Criadores, uma alternativa ao \u00f3leo de salm\u00e3o. Como j\u00e1 deve saber, estes \u00f3leos s\u00e3o conhecidos por serem fontes naturais de \u00e1cidos gordos essenciais, com propriedades que melhoram a sa\u00fade dos animais. Em concreto, s\u00e3o ricos em<strong> \u00f3mega 3 EPA e DHA.<\/strong> Contudo, o \u00f3leo de atum Criadores<strong> aporta mais do dobro de \u00e1cidos gordos que o de salm\u00e3o<\/strong>, multiplicando assim os seus efeitos na sa\u00fade.<\/p>\n<p>Este produto \u00e9 <strong>totalmente natural<\/strong> j\u00e1 que est\u00e1 composto unicamente de \u00f3leo de atum 100%, sem aditivos. Trata-se de um alimento complementar ideal para enriquecer a dieta di\u00e1ria de qualquer c\u00e3o ou gato. De igual modo, est\u00e1 especialmente recomendado para animais em idade avan\u00e7ada. O \u00f3mega 3 \u00e9 um complemento que <strong>favorece a sa\u00fade articular, nutre a pele<\/strong> e contribui para que a pelagem tenha brilho e suavidade. Al\u00e9m do mais, tamb\u00e9m \u00e9 conhecido por<strong> fortalecer o sistema imunol\u00f3gico<\/strong> e melhorar a capacidade de aprendizagem.<\/p>\n<p><strong><em>Enrique\u00e7a a dieta do seu c\u00e3o com o \u00f3leo de atum Criadores e melhore a sua sa\u00fade gra\u00e7as aos benef\u00edcios nutricionais dos \u00e1cidos gordos \u00f3mega 3.<\/em><\/strong><\/p>\n","protected":false},"excerpt":{"rendered":"<p>J\u00e1 ouviu falar dos benef\u00edcios que tem o \u00f3leo de peixe para os animais? De certeza que sim. E com certeza j\u00e1 conhece o famoso \u00f3leo de salm\u00e3o, um dos alimentos &#8230;<\/p>\n","protected":false},"featured_media":1898,"comment_status":"open","ping_status":"closed","template":"","meta":{"_acf_changed":false},"product_brand":[],"product_cat":[92,96,98],"product_tag":[],"class_list":{"0":"post-3653","1":"product","2":"type-product","3":"status-publish","4":"has-post-thumbnail","6":"product_cat-cao","7":"product_cat-complementos-pt","8":"product_cat-original-pt-pt","10":"first","11":"instock","12":"shipping-taxable","13":"product-type-simple"},"acf":[],"_links":{"self":[{"href":"https:\/\/www.criadores.es\/pt-pt\/wp-json\/wp\/v2\/product\/3653","targetHints":{"allow":["GET"]}}],"collection":[{"href":"https:\/\/www.criadores.es\/pt-pt\/wp-json\/wp\/v2\/product"}],"about":[{"href":"https:\/\/www.criadores.es\/pt-pt\/wp-json\/wp\/v2\/types\/product"}],"replies":[{"embeddable":true,"href":"https:\/\/www.criadores.es\/pt-pt\/wp-json\/wp\/v2\/comments?post=3653"}],"wp:featuredmedia":[{"embeddable":true,"href":"https:\/\/www.criadores.es\/pt-pt\/wp-json\/wp\/v2\/media\/1898"}],"wp:attachment":[{"href":"https:\/\/www.criadores.es\/pt-pt\/wp-json\/wp\/v2\/media?parent=3653"}],"wp:term":[{"taxonomy":"product_brand","embeddable":true,"href":"https:\/\/www.criadores.es\/pt-pt\/wp-json\/wp\/v2\/product_brand?post=3653"},{"taxonomy":"product_cat","embeddable":true,"href":"https:\/\/www.criadores.es\/pt-pt\/wp-json\/wp\/v2\/product_cat?post=3653"},{"taxonomy":"product_tag","embeddable":true,"href":"https:\/\/www.criadores.es\/pt-pt\/wp-json\/wp\/v2\/product_tag?post=3653"}],"curies":[{"name":"wp","href":"https:\/\/api.w.org\/{rel}","templated":true}]}}